{"id":1296,"date":"2024-02-11T19:03:33","date_gmt":"2024-02-11T16:03:33","guid":{"rendered":"https:\/\/sinanagakurder.org\/?post_type=product&#038;p=1296"},"modified":"2024-02-11T19:04:48","modified_gmt":"2024-02-11T16:04:48","slug":"hasan-aybars-2-donem-aidat-aksemsettin","status":"publish","type":"product","link":"https:\/\/sinanagakurder.org\/index.php\/urun\/hasan-aybars-2-donem-aidat-aksemsettin\/","title":{"rendered":"HASAN AYBARS 2.D\u00f6nem Aidat (Ak\u015femsettin)"},"content":{"rendered":"","protected":false},"excerpt":{"rendered":"","protected":false},"featured_media":0,"comment_status":"open","ping_status":"closed","template":"","meta":[],"product_cat":[55],"product_tag":[53],"class_list":["post-1296","product","type-product","status-publish","hentry","product_cat-donemlik-aidat","product_tag-53"],"yoast_head":"<!-- This site is optimized with the Yoast SEO plugin v21.3 - https:\/\/yoast.com\/wordpress\/plugins\/seo\/ -->\n<title>HASAN AYBARS 2.D\u00f6nem Aidat (Ak\u015femsettin) - Sinan A\u011fa Kursu<\/title>\n<meta name=\"robots\" content=\"index, follow, max-snippet:-1, max-image-preview:large, max-video-preview:-1\" \/>\n<link rel=\"canonical\" href=\"https:\/\/sinanagakurder.org\/index.php\/urun\/hasan-aybars-2-donem-aidat-aksemsettin\/\" \/>\n<meta property=\"og:locale\" content=\"tr_TR\" \/>\n<meta property=\"og:type\" content=\"article\" \/>\n<meta property=\"og:title\" content=\"HASAN AYBARS 2.D\u00f6nem Aidat (Ak\u015femsettin) - Sinan A\u011fa Kursu\" \/>\n<meta property=\"og:url\" content=\"https:\/\/sinanagakurder.org\/index.php\/urun\/hasan-aybars-2-donem-aidat-aksemsettin\/\" \/>\n<meta property=\"og:site_name\" content=\"Sinan A\u011fa Kursu\" \/>\n<meta property=\"article:publisher\" content=\"https:\/\/www.facebook.com\/Sinanagakurankursu\/\" \/>\n<meta property=\"article:modified_time\" content=\"2024-02-11T16:04:48+00:00\" \/>\n<meta name=\"twitter:card\" content=\"summary_large_image\" \/>\n<script type=\"application\/ld+json\" class=\"yoast-schema-graph\">{\"@context\":\"https:\/\/schema.org\",\"@graph\":[{\"@type\":\"WebPage\",\"@id\":\"https:\/\/sinanagakurder.org\/index.php\/urun\/hasan-aybars-2-donem-aidat-aksemsettin\/\",\"url\":\"https:\/\/sinanagakurder.org\/index.php\/urun\/hasan-aybars-2-donem-aidat-aksemsettin\/\",\"name\":\"HASAN AYBARS 2.D\u00f6nem Aidat (Ak\u015femsettin) - Sinan A\u011fa Kursu\",\"isPartOf\":{\"@id\":\"https:\/\/sinanagakurder.org\/#website\"},\"datePublished\":\"2024-02-11T16:03:33+00:00\",\"dateModified\":\"2024-02-11T16:04:48+00:00\",\"breadcrumb\":{\"@id\":\"https:\/\/sinanagakurder.org\/index.php\/urun\/hasan-aybars-2-donem-aidat-aksemsettin\/#breadcrumb\"},\"inLanguage\":\"tr\",\"potentialAction\":[{\"@type\":\"ReadAction\",\"target\":[\"https:\/\/sinanagakurder.org\/index.php\/urun\/hasan-aybars-2-donem-aidat-aksemsettin\/\"]}]},{\"@type\":\"BreadcrumbList\",\"@id\":\"https:\/\/sinanagakurder.org\/index.php\/urun\/hasan-aybars-2-donem-aidat-aksemsettin\/#breadcrumb\",\"itemListElement\":[{\"@type\":\"ListItem\",\"position\":1,\"name\":\"Anasayfa\",\"item\":\"https:\/\/sinanagakurder.org\/\"},{\"@type\":\"ListItem\",\"position\":2,\"name\":\"Ba\u011f\u0131\u015flar\",\"item\":\"https:\/\/sinanagakurder.org\/index.php\/onderlerimiz\/shop\/\"},{\"@type\":\"ListItem\",\"position\":3,\"name\":\"HASAN AYBARS 2.D\u00f6nem Aidat (Ak\u015femsettin)\"}]},{\"@type\":\"WebSite\",\"@id\":\"https:\/\/sinanagakurder.org\/#website\",\"url\":\"https:\/\/sinanagakurder.org\/\",\"name\":\"Sinana\u011fa Kur'an Kursu\",\"description\":\"\",\"potentialAction\":[{\"@type\":\"SearchAction\",\"target\":{\"@type\":\"EntryPoint\",\"urlTemplate\":\"https:\/\/sinanagakurder.org\/?s={search_term_string}\"},\"query-input\":\"required name=search_term_string\"}],\"inLanguage\":\"tr\"}]}<\/script>\n<!-- \/ Yoast SEO plugin. -->","yoast_head_json":{"title":"HASAN AYBARS 2.D\u00f6nem Aidat (Ak\u015femsettin) - Sinan A\u011fa Kursu","robots":{"index":"index","follow":"follow","max-snippet":"max-snippet:-1","max-image-preview":"max-image-preview:large","max-video-preview":"max-video-preview:-1"},"canonical":"https:\/\/sinanagakurder.org\/index.php\/urun\/hasan-aybars-2-donem-aidat-aksemsettin\/","og_locale":"tr_TR","og_type":"article","og_title":"HASAN AYBARS 2.D\u00f6nem Aidat (Ak\u015femsettin) - Sinan A\u011fa Kursu","og_url":"https:\/\/sinanagakurder.org\/index.php\/urun\/hasan-aybars-2-donem-aidat-aksemsettin\/","og_site_name":"Sinan A\u011fa Kursu","article_publisher":"https:\/\/www.facebook.com\/Sinanagakurankursu\/","article_modified_time":"2024-02-11T16:04:48+00:00","twitter_card":"summary_large_image","schema":{"@context":"https:\/\/schema.org","@graph":[{"@type":"WebPage","@id":"https:\/\/sinanagakurder.org\/index.php\/urun\/hasan-aybars-2-donem-aidat-aksemsettin\/","url":"https:\/\/sinanagakurder.org\/index.php\/urun\/hasan-aybars-2-donem-aidat-aksemsettin\/","name":"HASAN AYBARS 2.D\u00f6nem Aidat (Ak\u015femsettin) - Sinan A\u011fa Kursu","isPartOf":{"@id":"https:\/\/sinanagakurder.org\/#website"},"datePublished":"2024-02-11T16:03:33+00:00","dateModified":"2024-02-11T16:04:48+00:00","breadcrumb":{"@id":"https:\/\/sinanagakurder.org\/index.php\/urun\/hasan-aybars-2-donem-aidat-aksemsettin\/#breadcrumb"},"inLanguage":"tr","potentialAction":[{"@type":"ReadAction","target":["https:\/\/sinanagakurder.org\/index.php\/urun\/hasan-aybars-2-donem-aidat-aksemsettin\/"]}]},{"@type":"BreadcrumbList","@id":"https:\/\/sinanagakurder.org\/index.php\/urun\/hasan-aybars-2-donem-aidat-aksemsettin\/#breadcrumb","itemListElement":[{"@type":"ListItem","position":1,"name":"Anasayfa","item":"https:\/\/sinanagakurder.org\/"},{"@type":"ListItem","position":2,"name":"Ba\u011f\u0131\u015flar","item":"https:\/\/sinanagakurder.org\/index.php\/onderlerimiz\/shop\/"},{"@type":"ListItem","position":3,"name":"HASAN AYBARS 2.D\u00f6nem Aidat (Ak\u015femsettin)"}]},{"@type":"WebSite","@id":"https:\/\/sinanagakurder.org\/#website","url":"https:\/\/sinanagakurder.org\/","name":"Sinana\u011fa Kur'an Kursu","description":"","potentialAction":[{"@type":"SearchAction","target":{"@type":"EntryPoint","urlTemplate":"https:\/\/sinanagakurder.org\/?s={search_term_string}"},"query-input":"required name=search_term_string"}],"inLanguage":"tr"}]}},"_links":{"self":[{"href":"https:\/\/sinanagakurder.org\/index.php\/wp-json\/wp\/v2\/product\/1296","targetHints":{"allow":["GET"]}}],"collection":[{"href":"https:\/\/sinanagakurder.org\/index.php\/wp-json\/wp\/v2\/product"}],"about":[{"href":"https:\/\/sinanagakurder.org\/index.php\/wp-json\/wp\/v2\/types\/product"}],"replies":[{"embeddable":true,"href":"https:\/\/sinanagakurder.org\/index.php\/wp-json\/wp\/v2\/comments?post=1296"}],"wp:attachment":[{"href":"https:\/\/sinanagakurder.org\/index.php\/wp-json\/wp\/v2\/media?parent=1296"}],"wp:term":[{"taxonomy":"product_cat","embeddable":true,"href":"https:\/\/sinanagakurder.org\/index.php\/wp-json\/wp\/v2\/product_cat?post=1296"},{"taxonomy":"product_tag","embeddable":true,"href":"https:\/\/sinanagakurder.org\/index.php\/wp-json\/wp\/v2\/product_tag?post=1296"}],"curies":[{"name":"wp","href":"https:\/\/api.w.org\/{rel}","templated":true}]}}