{"id":906,"date":"2023-09-17T11:39:04","date_gmt":"2023-09-17T08:39:04","guid":{"rendered":"https:\/\/sinanagakurder.org\/?page_id=906"},"modified":"2023-09-17T12:20:21","modified_gmt":"2023-09-17T09:20:21","slug":"ana-sayfa","status":"publish","type":"page","link":"https:\/\/sinanagakurder.org\/","title":{"rendered":"Ana Sayfa"},"content":{"rendered":"<p>[vc_row][vc_column]\n\t\t\t<!-- START Slider 1 REVOLUTION SLIDER 6.3.9 --><p class=\"rs-p-wp-fix\"><\/p>\n\t\t\t<rs-module-wrap id=\"rev_slider_1_1_wrapper\" data-source=\"gallery\" style=\"background:transparent;padding:0;margin:0px auto;margin-top:0;margin-bottom:0;\">\n\t\t\t\t<rs-module id=\"rev_slider_1_1\" style=\"\" data-version=\"6.3.9\">\n\t\t\t\t\t<rs-slides>\n\t\t\t\t\t\t<rs-slide data-key=\"rs-1\" data-title=\"Slide\" data-anim=\"ei:d;eo:d;s:1000;r:0;t:fade;sl:0;\">\n\t\t\t\t\t\t\t<img loading=\"lazy\" decoding=\"async\" src=\"\/\/sinanagakurder.org\/wp-content\/uploads\/2023\/09\/sinanaga.png\" title=\"sinanaga\" width=\"1920\" height=\"700\" class=\"rev-slidebg\" data-no-retina>\n<!---->\t\t\t\t\t\t<\/rs-slide>\n\t\t\t\t\t<\/rs-slides>\n\t\t\t\t<\/rs-module>\n\t\t\t\t<script type=\"text\/javascript\">\n\t\t\t\t\tsetREVStartSize({c: 'rev_slider_1_1',rl:[1240,1024,778,480],el:[700,768,960,720],gw:[1920,1024,778,480],gh:[700,373,284,175],type:'standard',justify:'',layout:'fullwidth',mh:\"0\"});\n\t\t\t\t\tvar\trevapi1,\n\t\t\t\t\t\ttpj;\n\t\t\t\t\tfunction revinit_revslider11() {\n\t\t\t\t\tjQuery(function() {\n\t\t\t\t\t\ttpj = jQuery;\n\t\t\t\t\t\trevapi1 = tpj(\"#rev_slider_1_1\");\n\t\t\t\t\t\tif(revapi1==undefined || revapi1.revolution == undefined){\n\t\t\t\t\t\t\trevslider_showDoubleJqueryError(\"rev_slider_1_1\");\n\t\t\t\t\t\t}else{\n\t\t\t\t\t\t\trevapi1.revolution({\n\t\t\t\t\t\t\t\tsliderLayout:\"fullwidth\",\n\t\t\t\t\t\t\t\tvisibilityLevels:\"1240,1024,778,480\",\n\t\t\t\t\t\t\t\tgridwidth:\"1920,1024,778,480\",\n\t\t\t\t\t\t\t\tgridheight:\"700,373,284,175\",\n\t\t\t\t\t\t\t\tperspective:600,\n\t\t\t\t\t\t\t\tperspectiveType:\"global\",\n\t\t\t\t\t\t\t\teditorheight:\"700,768,960,720\",\n\t\t\t\t\t\t\t\tresponsiveLevels:\"1240,1024,778,480\",\n\t\t\t\t\t\t\t\tprogressBar:{disableProgressBar:true},\n\t\t\t\t\t\t\t\tnavigation: {\n\t\t\t\t\t\t\t\t\tonHoverStop:false\n\t\t\t\t\t\t\t\t},\n\t\t\t\t\t\t\t\tfallbacks: {\n\t\t\t\t\t\t\t\t\tallowHTML5AutoPlayOnAndroid:true\n\t\t\t\t\t\t\t\t},\n\t\t\t\t\t\t\t});\n\t\t\t\t\t\t}\n\t\t\t\t\t\t\n\t\t\t\t\t});\n\t\t\t\t\t} \/\/ End of RevInitScript\n\t\t\t\tvar once_revslider11 = false;\n\t\t\t\tif (document.readyState === \"loading\") {document.addEventListener('readystatechange',function() { if((document.readyState === \"interactive\" || document.readyState === \"complete\") && !once_revslider11 ) { once_revslider11 = true; revinit_revslider11();}});} else {once_revslider11 = true; revinit_revslider11();}\n\t\t\t\t<\/script>\n\t\t\t<\/rs-module-wrap>\n\t\t\t<!-- END REVOLUTION SLIDER -->\n[\/vc_column][\/vc_row][vc_row responsive_tabs=&#8221;&#8221; responsive_tabs_advanced=&#8221;&#8221; css=&#8221;.vc_custom_1694942223096{margin-top: 100px !important;}&#8221;][vc_column][vc_column_text]<\/p>\n<h3 style=\"text-align: center;\">&#8220;K\u0131yamet g\u00fcn\u00fc m\u00fcminin serinleyece\u011fi g\u00f6lgelik (verdi\u011fi) sadakas\u0131d\u0131r.&#8221; (\u0130bn Hanbel, 4 ,233)<\/h3>\n<p>[\/vc_column_text][vc_separator border_width=&#8221;3&#8243; responsive_tabs_hide=&#8221;&#8221; wd_hide_on_desktop=&#8221;&#8221; wd_hide_on_tablet=&#8221;&#8221; wd_hide_on_mobile=&#8221;&#8221;][\/vc_column][\/vc_row][vc_row][vc_column][vc_column_text]<\/p>\n<h2 style=\"text-align: center;\">Kurs Programlar\u0131<\/h2>\n<p>[\/vc_column_text][vc_basic_grid post_type=&#8221;post&#8221; max_items=&#8221;10&#8243; grid_id=&#8221;vc_gid:1694942411866-1c40ac19-29b3-5&#8243;][\/vc_column][\/vc_row]<\/p>\n","protected":false},"excerpt":{"rendered":"<p>[vc_row][vc_column][\/vc_column][\/vc_row][vc_row responsive_tabs=&#8221;&#8221; responsive_tabs_advanced=&#8221;&#8221; css=&#8221;.vc_custom_1694942223096{margin-top: 100px !important;}&#8221;][vc_column][vc_column_text] &#8220;K\u0131yamet g\u00fcn\u00fc m\u00fcminin serinleyece\u011fi g\u00f6lgelik (verdi\u011fi) sadakas\u0131d\u0131r.&#8221; (\u0130bn Hanbel, 4 ,233) [\/vc_column_text][vc_separator border_width=&#8221;3&#8243; responsive_tabs_hide=&#8221;&#8221;<\/p>\n","protected":false},"author":1,"featured_media":0,"parent":0,"menu_order":0,"comment_status":"closed","ping_status":"closed","template":"","meta":{"footnotes":""},"class_list":["post-906","page","type-page","status-publish","hentry"],"yoast_head":"<!-- This site is optimized with the Yoast SEO plugin v21.3 - https:\/\/yoast.com\/wordpress\/plugins\/seo\/ -->\n<title>Ana Sayfa - Sinan A\u011fa Kursu<\/title>\n<meta name=\"robots\" content=\"index, follow, max-snippet:-1, max-image-preview:large, max-video-preview:-1\" \/>\n<link rel=\"canonical\" href=\"https:\/\/sinanagakurder.org\/\" \/>\n<meta property=\"og:locale\" content=\"tr_TR\" \/>\n<meta property=\"og:type\" content=\"article\" \/>\n<meta property=\"og:title\" content=\"Ana Sayfa - Sinan A\u011fa Kursu\" \/>\n<meta property=\"og:description\" content=\"[vc_row][vc_column][\/vc_column][\/vc_row][vc_row responsive_tabs=&#8221;&#8221; responsive_tabs_advanced=&#8221;&#8221; css=&#8221;.vc_custom_1694942223096{margin-top: 100px !important;}&#8221;][vc_column][vc_column_text] &#8220;K\u0131yamet g\u00fcn\u00fc m\u00fcminin serinleyece\u011fi g\u00f6lgelik (verdi\u011fi) sadakas\u0131d\u0131r.&#8221; (\u0130bn Hanbel, 4 ,233) [\/vc_column_text][vc_separator border_width=&#8221;3&#8243; responsive_tabs_hide=&#8221;&#8221;\" \/>\n<meta property=\"og:url\" content=\"https:\/\/sinanagakurder.org\/\" \/>\n<meta property=\"og:site_name\" content=\"Sinan A\u011fa Kursu\" \/>\n<meta property=\"article:publisher\" content=\"https:\/\/www.facebook.com\/Sinanagakurankursu\/\" \/>\n<meta property=\"article:modified_time\" content=\"2023-09-17T09:20:21+00:00\" \/>\n<meta name=\"twitter:card\" content=\"summary_large_image\" \/>\n<meta name=\"twitter:label1\" content=\"Tahmini okuma s\u00fcresi\" \/>\n\t<meta name=\"twitter:data1\" content=\"1 dakika\" \/>\n<script type=\"application\/ld+json\" class=\"yoast-schema-graph\">{\"@context\":\"https:\/\/schema.org\",\"@graph\":[{\"@type\":\"WebPage\",\"@id\":\"https:\/\/sinanagakurder.org\/\",\"url\":\"https:\/\/sinanagakurder.org\/\",\"name\":\"Ana Sayfa - Sinan A\u011fa Kursu\",\"isPartOf\":{\"@id\":\"https:\/\/sinanagakurder.org\/#website\"},\"datePublished\":\"2023-09-17T08:39:04+00:00\",\"dateModified\":\"2023-09-17T09:20:21+00:00\",\"breadcrumb\":{\"@id\":\"https:\/\/sinanagakurder.org\/#breadcrumb\"},\"inLanguage\":\"tr\",\"potentialAction\":[{\"@type\":\"ReadAction\",\"target\":[\"https:\/\/sinanagakurder.org\/\"]}]},{\"@type\":\"BreadcrumbList\",\"@id\":\"https:\/\/sinanagakurder.org\/#breadcrumb\",\"itemListElement\":[{\"@type\":\"ListItem\",\"position\":1,\"name\":\"Anasayfa\",\"item\":\"https:\/\/sinanagakurder.org\/\"},{\"@type\":\"ListItem\",\"position\":2,\"name\":\"Ana Sayfa\"}]},{\"@type\":\"WebSite\",\"@id\":\"https:\/\/sinanagakurder.org\/#website\",\"url\":\"https:\/\/sinanagakurder.org\/\",\"name\":\"Sinana\u011fa Kur'an Kursu\",\"description\":\"\",\"potentialAction\":[{\"@type\":\"SearchAction\",\"target\":{\"@type\":\"EntryPoint\",\"urlTemplate\":\"https:\/\/sinanagakurder.org\/?s={search_term_string}\"},\"query-input\":\"required name=search_term_string\"}],\"inLanguage\":\"tr\"}]}<\/script>\n<!-- \/ Yoast SEO plugin. -->","yoast_head_json":{"title":"Ana Sayfa - Sinan A\u011fa Kursu","robots":{"index":"index","follow":"follow","max-snippet":"max-snippet:-1","max-image-preview":"max-image-preview:large","max-video-preview":"max-video-preview:-1"},"canonical":"https:\/\/sinanagakurder.org\/","og_locale":"tr_TR","og_type":"article","og_title":"Ana Sayfa - Sinan A\u011fa Kursu","og_description":"[vc_row][vc_column][\/vc_column][\/vc_row][vc_row responsive_tabs=&#8221;&#8221; responsive_tabs_advanced=&#8221;&#8221; css=&#8221;.vc_custom_1694942223096{margin-top: 100px !important;}&#8221;][vc_column][vc_column_text] &#8220;K\u0131yamet g\u00fcn\u00fc m\u00fcminin serinleyece\u011fi g\u00f6lgelik (verdi\u011fi) sadakas\u0131d\u0131r.&#8221; (\u0130bn Hanbel, 4 ,233) [\/vc_column_text][vc_separator border_width=&#8221;3&#8243; responsive_tabs_hide=&#8221;&#8221;","og_url":"https:\/\/sinanagakurder.org\/","og_site_name":"Sinan A\u011fa Kursu","article_publisher":"https:\/\/www.facebook.com\/Sinanagakurankursu\/","article_modified_time":"2023-09-17T09:20:21+00:00","twitter_card":"summary_large_image","twitter_misc":{"Tahmini okuma s\u00fcresi":"1 dakika"},"schema":{"@context":"https:\/\/schema.org","@graph":[{"@type":"WebPage","@id":"https:\/\/sinanagakurder.org\/","url":"https:\/\/sinanagakurder.org\/","name":"Ana Sayfa - Sinan A\u011fa Kursu","isPartOf":{"@id":"https:\/\/sinanagakurder.org\/#website"},"datePublished":"2023-09-17T08:39:04+00:00","dateModified":"2023-09-17T09:20:21+00:00","breadcrumb":{"@id":"https:\/\/sinanagakurder.org\/#breadcrumb"},"inLanguage":"tr","potentialAction":[{"@type":"ReadAction","target":["https:\/\/sinanagakurder.org\/"]}]},{"@type":"BreadcrumbList","@id":"https:\/\/sinanagakurder.org\/#breadcrumb","itemListElement":[{"@type":"ListItem","position":1,"name":"Anasayfa","item":"https:\/\/sinanagakurder.org\/"},{"@type":"ListItem","position":2,"name":"Ana Sayfa"}]},{"@type":"WebSite","@id":"https:\/\/sinanagakurder.org\/#website","url":"https:\/\/sinanagakurder.org\/","name":"Sinana\u011fa Kur'an Kursu","description":"","potentialAction":[{"@type":"SearchAction","target":{"@type":"EntryPoint","urlTemplate":"https:\/\/sinanagakurder.org\/?s={search_term_string}"},"query-input":"required name=search_term_string"}],"inLanguage":"tr"}]}},"_links":{"self":[{"href":"https:\/\/sinanagakurder.org\/index.php\/wp-json\/wp\/v2\/pages\/906","targetHints":{"allow":["GET"]}}],"collection":[{"href":"https:\/\/sinanagakurder.org\/index.php\/wp-json\/wp\/v2\/pages"}],"about":[{"href":"https:\/\/sinanagakurder.org\/index.php\/wp-json\/wp\/v2\/types\/page"}],"author":[{"embeddable":true,"href":"https:\/\/sinanagakurder.org\/index.php\/wp-json\/wp\/v2\/users\/1"}],"replies":[{"embeddable":true,"href":"https:\/\/sinanagakurder.org\/index.php\/wp-json\/wp\/v2\/comments?post=906"}],"version-history":[{"count":8,"href":"https:\/\/sinanagakurder.org\/index.php\/wp-json\/wp\/v2\/pages\/906\/revisions"}],"predecessor-version":[{"id":917,"href":"https:\/\/sinanagakurder.org\/index.php\/wp-json\/wp\/v2\/pages\/906\/revisions\/917"}],"wp:attachment":[{"href":"https:\/\/sinanagakurder.org\/index.php\/wp-json\/wp\/v2\/media?parent=906"}],"curies":[{"name":"wp","href":"https:\/\/api.w.org\/{rel}","templated":true}]}}