{"id":740,"date":"2023-07-11T22:04:21","date_gmt":"2023-07-11T19:04:21","guid":{"rendered":"http:\/\/sinanagakurder.org\/?page_id=740"},"modified":"2023-10-17T21:24:00","modified_gmt":"2023-10-17T18:24:00","slug":"egitim-kadromuz","status":"publish","type":"page","link":"https:\/\/sinanagakurder.org\/index.php\/egitim-kadromuz\/","title":{"rendered":"E\u011fitim Kadromuz"},"content":{"rendered":"<h1 style=\"text-align: center;\"><em><strong>S\u0130NANA\u011eAKURDER<\/strong><\/em><\/h1>\n<p style=\"text-align: center;\">Ba\u015fkan<br \/>\nBayram Kefeli-RTE Anadolu \u0130HL M\u00fcd\u00fcr\u00fc<\/p>\n<p style=\"text-align: center;\">Ba\u015fkan Yard\u0131mc\u0131s\u0131<br \/>\nMuhammet AYYILDIZ-Sinana\u011fa Kuran Kursu Y\u00f6neticisi<\/p>\n<p style=\"text-align: center;\">Sekreter-Muhasip<br \/>\nMuhammet KAPICIO\u011eLU-\u0130stanbul M\u00fcft\u00fcl\u00fc\u011f\u00fc Muhasebe<\/p>\n<p style=\"text-align: center;\"><strong><em>S\u0130NANA\u011eA KURAN KURSU<\/em><\/strong><br \/>\nMuhammet AYYILDIZ &#8211; Kuran Kursu Y\u00f6neticisi<\/p>\n<p style=\"text-align: center;\"><strong>Y\u00fcz\u00fcne Hocalar\u0131<\/strong><br \/>\nSelim G\u00f6\u00e7er &#8211; K.K.\u00d6.<br \/>\nMustafa \u00c7etin &#8211; \u0130mam Hatip<\/p>\n<p style=\"text-align: center;\"><strong>Haf\u0131zl\u0131k Hocalar\u0131<\/strong><br \/>\nSerhat Karako\u00e7 &#8211;\u00a0 K.K.\u00d6.<br \/>\n\u0130smail Murat Yar\u0131mb\u0131y\u0131k &#8211; M\u00fcezzin Kayy\u0131m<br \/>\nMehmet K\u0131\u015fla &#8211;\u00a0 \u0130mam Hatip<br \/>\n\u0130hsan Say\u0131n &#8211; \u0130mam Hatip<\/p>\n<p style=\"text-align: center;\"><strong>Tefti\u015f ve Dini Rehber Hocam\u0131z<\/strong><br \/>\nGalip Usta &#8211; \u0130mam Hatip<\/p>\n<p style=\"text-align: center;\"><strong>Talim Hocam\u0131z<\/strong><br \/>\nYusuf Y\u0131lmaz &#8211; \u0130mam Hatip<\/p>\n<p style=\"text-align: center;\"><strong>Psikolog<\/strong><br \/>\nM\u00fczeyyen Ku\u00e7i<\/p>\n<p style=\"text-align: center;\"><strong><em>A\u015eIKPA\u015eA KIZ KURAN KURSU<\/em><\/strong><br \/>\nRukiye Yi\u011fit CO\u015eKUN-A\u015f\u0131kpa\u015fa K\u0131z Kuran Kursu Y\u00f6neticisi<\/p>\n<p style=\"text-align: center;\">Ay\u015fenur BIYIK\u00c7I &#8211; Kuran Kursu \u00d6\u011freticisi<br \/>\nH\u00fcmeyra MEZRALI -Kuran Kursu \u00d6\u011freticisi<br \/>\nAy\u015fe Rumeysa DUMAN &#8211; Kuran Kursu \u00d6\u011freticisi<br \/>\nT\u00fclay \u0130\u015eSEVER &#8211; Kuran Kursu \u00d6\u011freticisi<br \/>\nS\u00fcreyya ERD\u00d6NMEZ &#8211; Kuran Kursu \u00d6\u011freticisi<\/p>\n<p style=\"text-align: center;\"><strong><em>AK\u015eEMSETT\u0130N KIZ KURAN KURSU<\/em><\/strong><br \/>\nHacer \u015eAH\u0130N-Ak\u015femsettin K\u0131z Kuran Kursu Y\u00f6neticisi<\/p>\n<p style=\"text-align: center;\">Saliha BALCI Y\u00d6R\u00dcR &#8211; Kuran Kursu \u00d6\u011freticisi<br \/>\nFat\u0131ma YILMAZ- Kuran Kursu \u00d6\u011freticisi<br \/>\nEsma I\u015eIK\u00dcR &#8211; Kuran Kursu \u00d6\u011freticisi<br \/>\nFat\u0131ma YILMAZ &#8211; Kuran Kursu \u00d6\u011freticisi<br \/>\nEsma I\u015eIK &#8211; Kuran Kursu \u00d6\u011freticisi<\/p>\n","protected":false},"excerpt":{"rendered":"<p>S\u0130NANA\u011eAKURDER Ba\u015fkan Bayram Kefeli-RTE Anadolu \u0130HL M\u00fcd\u00fcr\u00fc Ba\u015fkan Yard\u0131mc\u0131s\u0131 Muhammet AYYILDIZ-Sinana\u011fa Kuran Kursu Y\u00f6neticisi Sekreter-Muhasip Muhammet KAPICIO\u011eLU-\u0130stanbul M\u00fcft\u00fcl\u00fc\u011f\u00fc Muhasebe S\u0130NANA\u011eA<\/p>\n","protected":false},"author":1,"featured_media":0,"parent":0,"menu_order":0,"comment_status":"closed","ping_status":"closed","template":"","meta":{"footnotes":""},"class_list":["post-740","page","type-page","status-publish","hentry"],"yoast_head":"<!-- This site is optimized with the Yoast SEO plugin v21.3 - https:\/\/yoast.com\/wordpress\/plugins\/seo\/ -->\n<title>E\u011fitim Kadromuz - Sinan A\u011fa Kursu<\/title>\n<meta name=\"robots\" content=\"index, follow, max-snippet:-1, max-image-preview:large, max-video-preview:-1\" \/>\n<link rel=\"canonical\" href=\"https:\/\/sinanagakurder.org\/index.php\/egitim-kadromuz\/\" \/>\n<meta property=\"og:locale\" content=\"tr_TR\" \/>\n<meta property=\"og:type\" content=\"article\" \/>\n<meta property=\"og:title\" content=\"E\u011fitim Kadromuz - Sinan A\u011fa Kursu\" \/>\n<meta property=\"og:description\" content=\"S\u0130NANA\u011eAKURDER Ba\u015fkan Bayram Kefeli-RTE Anadolu \u0130HL M\u00fcd\u00fcr\u00fc Ba\u015fkan Yard\u0131mc\u0131s\u0131 Muhammet AYYILDIZ-Sinana\u011fa Kuran Kursu Y\u00f6neticisi Sekreter-Muhasip Muhammet KAPICIO\u011eLU-\u0130stanbul M\u00fcft\u00fcl\u00fc\u011f\u00fc Muhasebe S\u0130NANA\u011eA\" \/>\n<meta property=\"og:url\" content=\"https:\/\/sinanagakurder.org\/index.php\/egitim-kadromuz\/\" \/>\n<meta property=\"og:site_name\" content=\"Sinan A\u011fa Kursu\" \/>\n<meta property=\"article:publisher\" content=\"https:\/\/www.facebook.com\/Sinanagakurankursu\/\" \/>\n<meta property=\"article:modified_time\" content=\"2023-10-17T18:24:00+00:00\" \/>\n<meta name=\"twitter:card\" content=\"summary_large_image\" \/>\n<meta name=\"twitter:label1\" content=\"Tahmini okuma s\u00fcresi\" \/>\n\t<meta name=\"twitter:data1\" content=\"1 dakika\" \/>\n<script type=\"application\/ld+json\" class=\"yoast-schema-graph\">{\"@context\":\"https:\/\/schema.org\",\"@graph\":[{\"@type\":\"WebPage\",\"@id\":\"https:\/\/sinanagakurder.org\/index.php\/egitim-kadromuz\/\",\"url\":\"https:\/\/sinanagakurder.org\/index.php\/egitim-kadromuz\/\",\"name\":\"E\u011fitim Kadromuz - Sinan A\u011fa Kursu\",\"isPartOf\":{\"@id\":\"https:\/\/sinanagakurder.org\/#website\"},\"datePublished\":\"2023-07-11T19:04:21+00:00\",\"dateModified\":\"2023-10-17T18:24:00+00:00\",\"breadcrumb\":{\"@id\":\"https:\/\/sinanagakurder.org\/index.php\/egitim-kadromuz\/#breadcrumb\"},\"inLanguage\":\"tr\",\"potentialAction\":[{\"@type\":\"ReadAction\",\"target\":[\"https:\/\/sinanagakurder.org\/index.php\/egitim-kadromuz\/\"]}]},{\"@type\":\"BreadcrumbList\",\"@id\":\"https:\/\/sinanagakurder.org\/index.php\/egitim-kadromuz\/#breadcrumb\",\"itemListElement\":[{\"@type\":\"ListItem\",\"position\":1,\"name\":\"Anasayfa\",\"item\":\"https:\/\/sinanagakurder.org\/\"},{\"@type\":\"ListItem\",\"position\":2,\"name\":\"E\u011fitim Kadromuz\"}]},{\"@type\":\"WebSite\",\"@id\":\"https:\/\/sinanagakurder.org\/#website\",\"url\":\"https:\/\/sinanagakurder.org\/\",\"name\":\"Sinana\u011fa Kur'an Kursu\",\"description\":\"\",\"potentialAction\":[{\"@type\":\"SearchAction\",\"target\":{\"@type\":\"EntryPoint\",\"urlTemplate\":\"https:\/\/sinanagakurder.org\/?s={search_term_string}\"},\"query-input\":\"required name=search_term_string\"}],\"inLanguage\":\"tr\"}]}<\/script>\n<!-- \/ Yoast SEO plugin. -->","yoast_head_json":{"title":"E\u011fitim Kadromuz - Sinan A\u011fa Kursu","robots":{"index":"index","follow":"follow","max-snippet":"max-snippet:-1","max-image-preview":"max-image-preview:large","max-video-preview":"max-video-preview:-1"},"canonical":"https:\/\/sinanagakurder.org\/index.php\/egitim-kadromuz\/","og_locale":"tr_TR","og_type":"article","og_title":"E\u011fitim Kadromuz - Sinan A\u011fa Kursu","og_description":"S\u0130NANA\u011eAKURDER Ba\u015fkan Bayram Kefeli-RTE Anadolu \u0130HL M\u00fcd\u00fcr\u00fc Ba\u015fkan Yard\u0131mc\u0131s\u0131 Muhammet AYYILDIZ-Sinana\u011fa Kuran Kursu Y\u00f6neticisi Sekreter-Muhasip Muhammet KAPICIO\u011eLU-\u0130stanbul M\u00fcft\u00fcl\u00fc\u011f\u00fc Muhasebe S\u0130NANA\u011eA","og_url":"https:\/\/sinanagakurder.org\/index.php\/egitim-kadromuz\/","og_site_name":"Sinan A\u011fa Kursu","article_publisher":"https:\/\/www.facebook.com\/Sinanagakurankursu\/","article_modified_time":"2023-10-17T18:24:00+00:00","twitter_card":"summary_large_image","twitter_misc":{"Tahmini okuma s\u00fcresi":"1 dakika"},"schema":{"@context":"https:\/\/schema.org","@graph":[{"@type":"WebPage","@id":"https:\/\/sinanagakurder.org\/index.php\/egitim-kadromuz\/","url":"https:\/\/sinanagakurder.org\/index.php\/egitim-kadromuz\/","name":"E\u011fitim Kadromuz - Sinan A\u011fa Kursu","isPartOf":{"@id":"https:\/\/sinanagakurder.org\/#website"},"datePublished":"2023-07-11T19:04:21+00:00","dateModified":"2023-10-17T18:24:00+00:00","breadcrumb":{"@id":"https:\/\/sinanagakurder.org\/index.php\/egitim-kadromuz\/#breadcrumb"},"inLanguage":"tr","potentialAction":[{"@type":"ReadAction","target":["https:\/\/sinanagakurder.org\/index.php\/egitim-kadromuz\/"]}]},{"@type":"BreadcrumbList","@id":"https:\/\/sinanagakurder.org\/index.php\/egitim-kadromuz\/#breadcrumb","itemListElement":[{"@type":"ListItem","position":1,"name":"Anasayfa","item":"https:\/\/sinanagakurder.org\/"},{"@type":"ListItem","position":2,"name":"E\u011fitim Kadromuz"}]},{"@type":"WebSite","@id":"https:\/\/sinanagakurder.org\/#website","url":"https:\/\/sinanagakurder.org\/","name":"Sinana\u011fa Kur'an Kursu","description":"","potentialAction":[{"@type":"SearchAction","target":{"@type":"EntryPoint","urlTemplate":"https:\/\/sinanagakurder.org\/?s={search_term_string}"},"query-input":"required name=search_term_string"}],"inLanguage":"tr"}]}},"_links":{"self":[{"href":"https:\/\/sinanagakurder.org\/index.php\/wp-json\/wp\/v2\/pages\/740","targetHints":{"allow":["GET"]}}],"collection":[{"href":"https:\/\/sinanagakurder.org\/index.php\/wp-json\/wp\/v2\/pages"}],"about":[{"href":"https:\/\/sinanagakurder.org\/index.php\/wp-json\/wp\/v2\/types\/page"}],"author":[{"embeddable":true,"href":"https:\/\/sinanagakurder.org\/index.php\/wp-json\/wp\/v2\/users\/1"}],"replies":[{"embeddable":true,"href":"https:\/\/sinanagakurder.org\/index.php\/wp-json\/wp\/v2\/comments?post=740"}],"version-history":[{"count":14,"href":"https:\/\/sinanagakurder.org\/index.php\/wp-json\/wp\/v2\/pages\/740\/revisions"}],"predecessor-version":[{"id":1115,"href":"https:\/\/sinanagakurder.org\/index.php\/wp-json\/wp\/v2\/pages\/740\/revisions\/1115"}],"wp:attachment":[{"href":"https:\/\/sinanagakurder.org\/index.php\/wp-json\/wp\/v2\/media?parent=740"}],"curies":[{"name":"wp","href":"https:\/\/api.w.org\/{rel}","templated":true}]}}