{"id":1175,"date":"2023-11-21T11:21:23","date_gmt":"2023-11-21T08:21:23","guid":{"rendered":"https:\/\/sinanagakurder.org\/?page_id=1175"},"modified":"2023-11-21T11:21:23","modified_gmt":"2023-11-21T08:21:23","slug":"calekli-hacidursun-efendi","status":"publish","type":"page","link":"https:\/\/sinanagakurder.org\/index.php\/calekli-hacidursun-efendi\/","title":{"rendered":"\u00c7ALEKL\u0130 HACIDURSUN EFEND\u0130"},"content":{"rendered":"<p><img loading=\"lazy\" decoding=\"async\" class=\"size-medium wp-image-1176 aligncenter\" src=\"https:\/\/sinanagakurder.org\/wp-content\/uploads\/2023\/11\/Calekli-Haci-Dursun-Efendi5-696x1237-1-169x300.jpg\" alt=\"\" width=\"169\" height=\"300\" srcset=\"https:\/\/sinanagakurder.org\/wp-content\/uploads\/2023\/11\/Calekli-Haci-Dursun-Efendi5-696x1237-1-169x300.jpg 169w, https:\/\/sinanagakurder.org\/wp-content\/uploads\/2023\/11\/Calekli-Haci-Dursun-Efendi5-696x1237-1-576x1024.jpg 576w, https:\/\/sinanagakurder.org\/wp-content\/uploads\/2023\/11\/Calekli-Haci-Dursun-Efendi5-696x1237-1-600x1066.jpg 600w, https:\/\/sinanagakurder.org\/wp-content\/uploads\/2023\/11\/Calekli-Haci-Dursun-Efendi5-696x1237-1-150x267.jpg 150w, https:\/\/sinanagakurder.org\/wp-content\/uploads\/2023\/11\/Calekli-Haci-Dursun-Efendi5-696x1237-1-64x114.jpg 64w, https:\/\/sinanagakurder.org\/wp-content\/uploads\/2023\/11\/Calekli-Haci-Dursun-Efendi5-696x1237-1.jpg 696w\" sizes=\"auto, (max-width: 169px) 100vw, 169px\" \/><\/p>\n<blockquote><p><strong>RABZON \u2013 OF \u2013 \u00c7ALEK K\u00d6Y\u00dc<\/strong><\/p><\/blockquote>\n<p>Son devir Osmanl\u0131 alimi. Van\u2019dan g\u00f6\u00e7 edip Trabzon\u2019un Of il\u00e7esine ba\u011fl\u0131 B\u00fcy\u00fckk\u00f6y\u2019e yerle\u015fen ve \u201cG\u00fcveli\u201d lakab\u0131 ile an\u0131lan Abd\u00fclaziz Efendi\u2019nin torunlar\u0131ndan Yakup Efendi\u2019nin o\u011fludur. Anas\u0131n\u0131n ad\u0131 Hanife Han\u0131m\u2019d\u0131r. Of merkez il\u00e7eye ba\u011fl\u0131 \u00c7alek (S\u0131raa\u011fa\u00e7) k\u00f6y\u00fcnde 1883\u2019te d\u00fcnyaya geldi. Do\u011fdu\u011fu k\u00f6ye nispet edilerek \u00e7evrede \u201c<strong>\u00c7alekli Hac\u0131 Dursun Efendi<\/strong>\u201cdiye bilinir ve an\u0131l\u0131r. Soyad kanunu \u00e7\u0131kt\u0131ktan sonra \u201cG\u00fcven\u201d soyad\u0131n\u0131 alm\u0131\u015ft\u0131r. K\u00fc\u00e7\u00fck ya\u015fta, 7 ya\u015f\u0131nda iken babas\u0131n\u0131 kaybetmi\u015f ve \u00fc\u00e7 k\u0131z karde\u015fi ile birlikte yetim kalm\u0131\u015ft\u0131.<\/p>\n<div class=\"code-block code-block-1\"><ins class=\"adsbygoogle\" data-ad-client=\"ca-pub-1835700906501543\" data-ad-slot=\"7930743796\" data-ad-format=\"auto\" data-full-width-responsive=\"true\" data-adsbygoogle-status=\"done\" data-ad-status=\"filled\"><\/p>\n<div id=\"aswift_2_host\" tabindex=\"0\" title=\"Advertisement\" aria-label=\"Advertisement\"><strong>Tahsili<\/strong><\/div>\n<p><\/ins><\/div>\n<p>Yedi ya\u015f\u0131nda iken Hem\u015finli Ahmed Efendi\u2019den haf\u0131zl\u0131k yapmaya ba\u015flad\u0131 ve dokuz ya\u015f\u0131nda iken haf\u0131zl\u0131\u011f\u0131n\u0131 bitirdi. Arkas\u0131ndan Karaka\u015f Ahmed Efendi\u2019den Arap\u00e7a ve \u0130slami ilimleri tahsil etmeye ba\u015flam\u0131\u015ft\u0131. Bu arada hocas\u0131n\u0131n 1903\u2019te vefat etmesi \u00fczerine, \u00c7ayraka Akdo\u011fan k\u00f6y\u00fcne giderek me\u015fhur m\u00fcderris merhum\u00a0<strong>Tayyib Z\u00fchd\u00fc Efendi<\/strong>\u2018nin medresesine kaydolarak onun \u00f6\u011frencisi oldu. Arkas\u0131ndan annesi vefat etti\u011finden tahsiline bir s\u00fcre ara verdi. Bir m\u00fcddet sonra hocas\u0131 Tayyib Z\u00fchd\u00fc Efendi, \u00c7alek k\u00f6y\u00fcne imam ve m\u00fcderris olarak gelince, eski hocas\u0131ndan, kendi k\u00f6y\u00fcnde tahsiline devam etti. Fakat tahsilini bitirmeden, birka\u00e7 y\u0131l sonra hocas\u0131 Tayyib Z\u00fchd\u00fc Efendi\u2019nin, \u00c7aykara\u2019ya kendi medresesine d\u00f6nmesi \u00fczerin, geride kalan tahsilini bitirmek i\u00e7in istanbul\u2019a gitti. Burada k\u0131sa bir s\u00fcre baz\u0131 medreselere devam ettikten sonra memleketine, eski hocas\u0131n\u0131n yan\u0131na d\u00f6nerek, yar\u0131m kalan medrese tahsilini Tayyib Z\u00fchd\u00fc Efendi\u2019den tamamlayarak icazetini ald\u0131. Daha sonra hocas\u0131n\u0131n karde\u015fi olan, Of Eskipazar\u2019\u0131n me\u015fhur imam\u0131, Velizade Hac\u0131 Hasan Hilmi Efendi\u2019den Feraiz ilmini okuyup icazet alm\u0131\u015ft\u0131r.<\/p>\n<p>Kendi memleketinden en \u00fcst seviyede e\u011fitim veren medreseden icazet, diploma ald\u0131ktan sonra istanbul\u2019a giden dursun Efendi, Dar\u00fc\u2019l-Hial feti\u2019l-Aliyye Medresesi\u2019ne girerek Sahn Medresesi\u2019nden mezun oldu. O d\u00f6nemlerde d\u00fcnyan\u0131n iki b\u00fcy\u00fck ihtisas merkezlerinden biri olan \u0130stanbul S\u00fcleymaniye Medresesinin Kelam ve Hikmet \u015eubesi\u2019nden 12 Nisan 1922\u2019de mezun olarak dersiam unvan\u0131n\u0131 kazanm\u0131\u015f oldu. Daha sonra Medreset\u00fc\u2019l-Kudat\u2019tan da mezun oldu. Mezun oldu\u011fu b\u00f6l\u00fcmleri y\u00fcksek puanlarla bitirmi\u015ftir. S\u00fcleymaniye ihtisas b\u00f6l\u00fcm\u00fcnden y\u00fcz \u00fczerinden doksan \u00fc\u00e7 notla mezun olmu\u015ftur. Arap\u00e7a, Fars\u00e7a ve Almanca bilmekteydi.<\/p>\n<div class=\"code-block code-block-1\"><ins class=\"adsbygoogle\" data-ad-client=\"ca-pub-1835700906501543\" data-ad-slot=\"7930743796\" data-ad-format=\"auto\" data-full-width-responsive=\"true\" data-adsbygoogle-status=\"done\" data-ad-status=\"filled\"><\/p>\n<div id=\"aswift_3_host\" tabindex=\"0\" title=\"Advertisement\" aria-label=\"Advertisement\"><strong>G\u00f6rev Yerleri<\/strong><\/div>\n<p><\/ins><\/div>\n<p>Dursun Nuri Feyzi Efendi , y\u00fcksek tahsilini ve ihtisas\u0131n\u0131 da bitirdikten sonra bir s\u00fcre \u0130stanbul\u2019da Me\u015f\u0131hat Dairesinde \u00e7al\u0131\u015ft\u0131. Daha sonra \u0130stiklal Sava\u015f\u0131\u2019na asker olarak kat\u0131ld\u0131 \u00d6nce olarak \u00a0b\u00f6l\u00fck\u00a0 imaml\u0131\u011f\u0131na, alt\u0131 ay sonra da albayl\u0131\u011fa terfi ettirilerek Alay M\u00fcft\u00fcl\u00fcg\u00fcne tay\u0131n edildi. Albay olarak askerli\u011fini bitirip terhis oldu. Askerlikten sonra Karadeniz b\u00f6lgesindeki medreselerin m\u00fcfetti\u015fli\u011fine tayin edildi. Medreselerin kapat\u0131lmas\u0131ndan sonra 1925\u2019te Of\u2019ta a\u00e7\u0131lan imam-Hatip Mektebi\u2019ne m\u00fcd\u00fcr tayin edildi. \u0130ki y\u0131l sonra bu g\u00f6revden ayr\u0131ld\u0131.<\/p>\n<div class=\"code-block code-block-1\"><ins class=\"adsbygoogle\" data-ad-client=\"ca-pub-1835700906501543\" data-ad-slot=\"7930743796\" data-ad-format=\"auto\" data-full-width-responsive=\"true\" data-adsbygoogle-status=\"done\" data-ad-status=\"filled\"><\/p>\n<div id=\"aswift_4_host\" tabindex=\"0\" title=\"Advertisement\" aria-label=\"Advertisement\">Bu arada ittihat ve Terakkicilerin aleyhinde, devrin Cumhuriyet, Efkar\u0131 Umumi ve Vatan gazetelerinde hicivname, makale ve yaz\u0131lar\u0131 ne\u015fredildi. Sebil\u00fc\u2019r-re\u015fad mecmuas\u0131n\u0131n c. 23, say\u0131: 547, sayfa. 28\u2019de, 8 Kas\u0131m 1923 tarihli say\u0131s\u0131nda yay\u0131nlanan, 17 imzal\u0131 ve 25 Ekim 1923 tarihli yaz\u0131s\u0131nda, \u2018Cumhuriyet\u2019in, T\u00fcrk Milleti\u2019nin dini de\u011ferlerinden uzakla\u015ft\u0131r\u0131lmas\u0131 d\u00fc\u015f\u00fcncesiyle ilan edilmesinin kabul edilemez\u2019 oldu\u011funu belirtti.<\/div>\n<p><\/ins><\/div>\n<p>Bunun \u00fczerine istiklal Mahkemeleri taraf\u0131ndan yakalan\u0131p tutuklanmas\u0131na ve g\u0131yab\u0131 olarak verilen idam cezas\u0131 ile cezaland\u0131r\u0131lmas\u0131na karar verildi. Cumhuriyeti\u2019n ilk y\u0131lar\u0131nda idam\u0131na karar verilen 160 alimden biri de Dursun Efendi idi.<\/p>\n<div class=\"code-block code-block-1\"><ins class=\"adsbygoogle\" data-ad-client=\"ca-pub-1835700906501543\" data-ad-slot=\"7930743796\" data-ad-format=\"auto\" data-full-width-responsive=\"true\" data-adsbygoogle-status=\"done\" data-ad-status=\"filled\"><\/p>\n<div id=\"aswift_5_host\" tabindex=\"0\" title=\"Advertisement\" aria-label=\"Advertisement\">1927\u2019de bu durumu haber alan <strong>Dursun Efendi<\/strong>, izini gizlemesi ve yakalanmamas\u0131 i\u00e7in Samsun ilinin Havza il\u00e7esine ka\u00e7t\u0131. Merkez il\u00e7eye 40 km. uzakl\u0131kta bulunan bir da\u011f k\u00f6y\u00fcne yerle\u015fti. On y\u0131l bu k\u00f6yde imaml\u0131k yapt\u0131 ve ir\u015fadda bulundu. \u015eehre hi\u00e7 inmiyordu. H\u00fck\u00fcmet taraf\u0131ndan hat\u0131r\u0131 say\u0131lan a\u011falar\u0131n yard\u0131m ve himayesiyle burada kald\u0131. 1935\u2019te siyasi af \u00e7\u0131kar\u0131l\u0131nca siyasi gerginlik de azald\u0131. Bunun \u00fczerine Dursun Efendi, Karadeniz b\u00f6lgesini, Trabzon, Giresun, Ordu ve Samsun illerini dola\u015farak vaazlar verdi. On y\u0131l sonra 1938\u2019de kendi k\u00f6y\u00fcne d\u00f6nd\u00fc.<\/div>\n<p><\/ins><\/div>\n<p><strong>Tedris Hayat\u0131<\/strong><br \/>\n1938\u2019de do\u011fum yeri olan \u00c7alek k\u00f6y\u00fcne d\u00f6nd\u00fckten sonra bir y\u0131l dinlendi. Hi\u00e7bir g\u00f6rev yapmad\u0131. O sene babam, \u00c7alek k\u00f6y\u00fcne biti\u015fik olan Kaveler k\u00f6y\u00fcnde imamd\u0131. Ben de babam\u0131n yan\u0131nda haf\u0131zl\u0131k yap\u0131yordum. Bazen babam onun yan\u0131na gider, bazen o babam\u0131n yan\u0131na gelir sohbet ederlerdi. Babamdan \u00fc\u00e7 ya\u015f k\u00fc\u00e7\u00fck olmas\u0131na ra\u011fmen, babam ona, ilmine sayg\u0131 g\u00f6sterir, h\u00fcrmet ederdi. O da aynen mukabele ederdi. Dursun Efendi \u0130stanbul\u2019da okumu\u015f, g\u00fczel konu\u015fan, temiz giyinen, \u00e7evre alimleri aras\u0131nda sayg\u0131n bir yeri olan m\u00fcr\u015fid ve alim bir zat idi.<\/p>\n<div class=\"code-block code-block-1\"><ins class=\"adsbygoogle\" data-ad-client=\"ca-pub-1835700906501543\" data-ad-slot=\"7930743796\" data-ad-format=\"auto\" data-full-width-responsive=\"true\" data-adsbygoogle-status=\"done\" data-ad-status=\"filled\"><\/p>\n<div id=\"aswift_6_host\" tabindex=\"0\" title=\"Advertisement\" aria-label=\"Advertisement\">Per\u015fembe g\u00fcnleri Of il\u00e7esinin pazar\u0131d\u0131r. K\u00f6y halk\u0131 ile birlikte k\u00f6y imamlar\u0131 da pazara giderler. Per\u015fembe g\u00fcnleri babamla birlikte Of\u2019a giderken bazen Dursun Efendi ile kar\u015f\u0131la\u015f\u0131rd\u0131k. Onun at\u0131 vard\u0131. Ata biner giderdi. Fakat babam\u0131 g\u00f6rd\u00fc\u011f\u00fc zaman at\u0131ndan iner babam\u0131 at\u0131na bindirmek isterdi. Babam ise onun ilmine h\u00fcrmet ettigi i\u00e7in ata binmez, O ise babam topal oldu\u011fu i\u00e7in, onun yan\u0131nda at\u0131na binmezdi. B\u00f6ylece iki alim de yaya y\u00fcr\u00fcyerek, ben de arkalar\u0131ndan giderek Of\u2019a inerdik. (Mehmet Yahya Kuto\u011flu Hocam\u0131z\u0131n \u2013 Yolumuz ayd\u0131nlatanlar kitab\u0131ndan al\u0131nm\u0131\u015ft\u0131r. )<\/div>\n<p><\/ins><\/div>\n<p>Bir y\u0131l sonra 1939\u2019da, Of\u2019a ba\u011fl\u0131 Hundez (G\u00fcne\u015fli) k\u00f6y\u00fcnde bulunan, \u00c7aykara Ogene k\u00f6y\u00fcnden Tahir Efendi\u2019ye ait olan medresede \u0130slami ilimleri okutmaya ba\u015flad\u0131. Buradaki medrese tahsili kesintisiz olarak \u00f6l\u00fcm\u00fcne kadar, yakla\u015f\u0131k 40 sene devam etmi\u015ftir. \u00c7ok de\u011ferli ilim ve mana adamlar\u0131 yeti\u015ftirmi\u015ftir. \u0130lk mezun etti\u011fi \u00f6\u011frenciler i\u00e7in 1944\u2019te \u00e7ok g\u00f6rkemli bir icazet merasimi yap\u0131lm\u0131\u015ft\u0131. Daha sonraki y\u0131llarda da icazet merasimleri devam etmi\u015ftir. Bu medresede devam eden tedrisat daha sonraki y\u0131llarda, kendi k\u00f6y\u00fcne, k\u00f6y a\u011falar\u0131n\u0131n \u0131srar\u0131 \u00fczerine, nakledilmi\u015f ve \u00c7alek (S\u0131raa\u011fa\u00e7) k\u00f6y\u00fc medresesinde tedrisat devam etmi\u015ftir.<\/p>\n<p>Vefat\u0131na kadar s\u00fcrd\u00fcrd\u00fc\u011f\u00fc tedrisat faaliyetinde y\u00fczlerce alim yeti\u015ftirdi. Son devir me\u015fhur k\u0131raat alimi\u00a0<strong>Mehmet R\u00fc\u015ft\u00fc A\u015f\u0131kkutlu<\/strong>, kay\u0131nbiraderi \u0130stanbul Nak\u015fi \u015feyhlerinden me\u015fhur\u00a0<strong>Hac\u0131 Mahmud Efendi (Ustaosmano\u011flu),<\/strong>\u00a0eski Of m\u00fcft\u00fcs\u00fc\u00a0<strong>Celal \u015ei\u015fman,<\/strong>\u00a0Yozgat M\u00fcft\u00fcs\u00fc\u00a0<strong>H\u00fcseyin Hatipo\u011flu<\/strong>, Tarsus ve lskenderun M\u00fcft\u00fcs\u00fc\u00a0<strong>Remzi Yavuz<\/strong>, Diyanet i\u015fleri Ba\u015f M\u00fcfetti\u015flerinden\u00a0<strong>Osman Atay,<\/strong>\u00a0Edremit ve Merzifon M\u00fcft\u00fcs\u00fc Hamit Bir, lstanbul il M\u00fcft\u00fc Vekili\u00a0<strong>Ahmet Vanl\u0131o\u011flu<\/strong>, \u0130stanbul Merkez Vaizi\u00a0<strong>Abdullah Vanl\u0131o\u011flu<\/strong>,\u00a0<strong>\u0130lyas Vanl\u0131o\u011flu<\/strong>, H\u00fcsn\u00fc Lostar, Kamil K\u00fc\u00e7\u00fck, \u0130stanbul Bayrampa\u015fa Ye\u015fil Camii imam\u0131 ve Kur\u2019an Kursu \u00d6\u011fretmeni\u00a0<strong>Abdullah Ustaosmano\u011flu<\/strong>\u00a0ve karde\u015fi merhum Mehmed Ustaosmano\u011flu belli ba\u015fl\u0131 \u00f6\u011frencileri aras\u0131nda yer al\u0131r.\u00a0<strong>\u00c7aykaral\u0131 m\u00fcderris Hac\u0131 Hasan Efendi<\/strong>\u00a0de kendisinden feyz alan, istifade eden alimlerdendir.<\/p>\n<p><strong>\u015eahsiyeti<\/strong><br \/>\n<strong>Hac\u0131 Dursun Nuri Feyzi Efendi<\/strong>, \u00c7aykara\u2019da medrese tahsili g\u00f6r\u00fcrken, Nak\u015fi tarikat\u0131n\u0131n y\u00f6redeki me\u015fhur \u015feyhlerinden\u00a0<a href=\"https:\/\/evliyalar.org\/2022\/05\/haci-fersad-efendi-ibrahim-hakki-uysal\/\"><strong>Hac\u0131 Fer\u015fad Efendi<\/strong><\/a>\u2018ye, daha sonra da\u00a0<a href=\"https:\/\/evliyalar.org\/2022\/05\/ahmed-ziyauddin-gumushanevi-k-s\/\"><strong>Ahmed Ziya\u00fcddin G\u00fcm\u00fc\u015fhanevi Efendi<\/strong><\/a>\u2018nin halifelerinden \u201cVizena\u201d lakapl\u0131 Ahmed Efendi\u2019ye intisap ederek her ikisinden de hilafet alm\u0131\u015ft\u0131 . Of \u00e7evresinde bir\u00e7ok kimselere tarikat dersi veren, ir\u015fadlarda bulunan Hac\u0131 Dursun Efendi 1957\u2019de \u0130stanbul\u2019a giderek Ah\u0131skal\u0131 Ali Haydar Efendi\u2019ye de intisap etti ve onun da halifesi oldu.<\/p>\n<p>K\u0131rk y\u0131l boyunca s\u00fcrd\u00fcrd\u00fc\u011f\u00fc tedris ve ir\u015fad faaliyetleriyle, Karadeniz b\u00f6lgesinde ve \u00f6zellikle Of civar\u0131nda dini hayat\u0131n kesintiye u\u011framadan devam etmesinde \u00f6nemli bir rol oynam\u0131\u015ft\u0131r. O\u011fullar\u0131ndan S\u00fcleyman Sami G\u00fcven, S\u0131raa\u011fa\u00e7 k\u00f6y\u00fcnde Kur\u2019an Kursu \u00f6\u011freticili\u011fi g\u00f6revi yan\u0131nda bir de medrese e\u011fitimine ba\u011fl\u0131 olarak \u00f6\u011frenci yeti\u015ftirmeye devam etmektedir.<\/p>\n<p>Hac\u0131 Dursun Efendi son derece gayretli, takva sahibi, y\u00fcksek manevi de\u011ferlere sahip ve kendisini ilme adam\u0131\u015f az bulunan zatlardan biri idi. O devirlerde dini e\u011fitim yapmak yasak oldu\u011fu i\u00e7in gerek haf\u0131zl\u0131k icazetleri, gerek \u0130slami ilimleri okuyup bitirenlerin icazetleri kasabalarda yap\u0131lam\u0131yordu. Mecburen k\u00f6ylerde oluyordu. \u0130cazetlere kat\u0131lan kalabal\u0131k cemaati, k\u00f6ylerde alabilecek cami olmad\u0131\u011f\u0131 i\u00e7in de icazet merasimleri a\u00e7\u0131k alanlarda d\u00fczenlenirdi. \u0130cazetlerde, \u00e7evrede bulunan alim, m\u00fcr\u015fid ve k\u0131raat alimleri mutlaka davet edilirdi.<\/p>\n<p><strong>Eserleri<\/strong><br \/>\n<strong>Hac\u0131 Dursun Efendi<\/strong>\u00a0baz\u0131 risaleler yazm\u0131\u015f ve bunlar\u0131n bir k\u0131sm\u0131n\u0131 Hac yolculu\u011fu esnas\u0131nda kaybetmi\u015f, geride kalanlar da bir yang\u0131nda k\u00fct\u00fcphanesiyle birlikte yanm\u0131\u015ft\u0131. Onun as\u0131l eserleri yeti\u015ftirdi\u011fi canl\u0131 eserlerdir. Bu eserlerle o \u00e7ok ya\u015fayacakt\u0131r. Kaybolan eserlerinin d\u0131\u015f\u0131nda, hayatta iken yay\u0131nlanan eserleri \u015funlard\u0131r:<\/p>\n<p><strong>1. Tevhid ve \u0130\u015frak<\/strong>\u00a0(\u0130stanbul, 1920).<br \/>\n<strong>2. Munkuzu\u2019l-Felasife ve Muzhira\u2019l-Hakika<\/strong>\u00a0(Mekke, 1949).<br \/>\n<strong>3. Ahlak ve inan\u00e7 \u00d6\u011f\u00fctleri<\/strong>\u00a0(Giresun, 1956).<br \/>\n<strong>4. Muhtar\u00fc\u2019I-Ahadis Terc\u00fcmesi,<\/strong>\u00a03 cilt. (\u0130stanbul, 1965).<br \/>\n<strong>5. Ahiret Hakikatleri ve Dirilmek Hikmetleri,<\/strong>\u00a0manzum, (Trabzon, 1970).<\/p>\n<p><strong>Son G\u00fcnleri ve Vefat\u0131<\/strong><br \/>\n1977\u2019nin Ocak ay\u0131 sonlar\u0131nda rahats\u0131zland\u0131.Ya\u015f 95\u2019leri bulmu\u015ftu. O\u011flu S\u00fcleyman Sami devaml\u0131 yan\u0131nda idi. 23 \u015eubat 1977 \u00c7ar\u015famba g\u00fcn\u00fc saat ikiye \u00e7eyrek kala g\u00f6zlerini yumarak b\u00fcy\u00fck tefekk\u00fcr alemine dald\u0131. O\u011flu S\u00fcleyman, hocan\u0131n kuca\u011f\u0131nda, ba\u015f\u0131n\u0131 g\u00f6\u011fs\u00fcne yaslam\u0131\u015ft\u0131. Bir ara g\u00f6zlerini a\u00e7arak o\u011fluna: \u201cEvlad\u0131m \u00f6l\u00fcyorum, ben Rabbim\u2019e kavu\u015fuyorum:\u2019 dedi. Birka\u00e7 dakika sonra, \u00fc\u00e7 defa \u201cAllah, Allah, Allah\u201d deyip S\u00fcleyman\u2019\u0131n kuca\u011f\u0131nda sa\u011f tarafa y\u00f6nelerek ruhunu sevgilisine teslim etti. Yeri Cennet, makam\u0131 ali olsun! Amiin, amin, amin!..<\/p>\n<p><strong>Hac\u0131 Dursun Efendi<\/strong>\u2018nin cenazesi, bir g\u00fcn bekletildikten sonra Cuma g\u00fcn\u00fc kendi k\u00f6y camisinde; naa\u015f\u0131 \u00f6\u011frencisi, m\u00fcr\u015fid, Nak\u015fi \u015feyhi\u00a0<strong>Hac\u0131 Mahmud Ustaosmano\u011flu<\/strong>\u00a0taraf\u0131nda y\u0131kand\u0131. Cenaze namaz\u0131n\u0131, b\u00fcy\u00fck K\u0131raat alimi\u00a0<strong>Mehmed R\u00fc\u015ft\u00fc A\u015f\u0131kkutlu Efendi<\/strong>\u00a0k\u0131ld\u0131rd\u0131. K\u00f6ydeki aile kabristan\u0131na defnedildi. Telkinini \u00e7ayraka m\u00fcderrisi Hac\u0131 Hasan Efendi hazretleri vermi\u015fti.<\/p>\n<p>Kaynak ; Yolumuzu Ayd\u0131nlatanlar -1 , Yahya Kutluo\u011flu , \u0130bb Yay\u0131nlar\u0131<\/p>\n","protected":false},"excerpt":{"rendered":"<p>RABZON \u2013 OF \u2013 \u00c7ALEK K\u00d6Y\u00dc Son devir Osmanl\u0131 alimi. Van\u2019dan g\u00f6\u00e7 edip Trabzon\u2019un Of il\u00e7esine ba\u011fl\u0131 B\u00fcy\u00fckk\u00f6y\u2019e yerle\u015fen ve<\/p>\n","protected":false},"author":1,"featured_media":0,"parent":0,"menu_order":0,"comment_status":"closed","ping_status":"closed","template":"","meta":{"footnotes":""},"class_list":["post-1175","page","type-page","status-publish","hentry"],"yoast_head":"<!-- This site is optimized with the Yoast SEO plugin v21.3 - https:\/\/yoast.com\/wordpress\/plugins\/seo\/ -->\n<title>\u00c7ALEKL\u0130 HACIDURSUN EFEND\u0130 - Sinan A\u011fa Kursu<\/title>\n<meta name=\"robots\" content=\"index, follow, max-snippet:-1, max-image-preview:large, max-video-preview:-1\" \/>\n<link rel=\"canonical\" href=\"https:\/\/sinanagakurder.org\/index.php\/calekli-hacidursun-efendi\/\" \/>\n<meta property=\"og:locale\" content=\"tr_TR\" \/>\n<meta property=\"og:type\" content=\"article\" \/>\n<meta property=\"og:title\" content=\"\u00c7ALEKL\u0130 HACIDURSUN EFEND\u0130 - Sinan A\u011fa Kursu\" \/>\n<meta property=\"og:description\" content=\"RABZON \u2013 OF \u2013 \u00c7ALEK K\u00d6Y\u00dc Son devir Osmanl\u0131 alimi. Van\u2019dan g\u00f6\u00e7 edip Trabzon\u2019un Of il\u00e7esine ba\u011fl\u0131 B\u00fcy\u00fckk\u00f6y\u2019e yerle\u015fen ve\" \/>\n<meta property=\"og:url\" content=\"https:\/\/sinanagakurder.org\/index.php\/calekli-hacidursun-efendi\/\" \/>\n<meta property=\"og:site_name\" content=\"Sinan A\u011fa Kursu\" \/>\n<meta property=\"article:publisher\" content=\"https:\/\/www.facebook.com\/Sinanagakurankursu\/\" \/>\n<meta property=\"og:image\" content=\"https:\/\/sinanagakurder.org\/wp-content\/uploads\/2023\/11\/Calekli-Haci-Dursun-Efendi5-696x1237-1-169x300.jpg\" \/>\n<meta name=\"twitter:card\" content=\"summary_large_image\" \/>\n<meta name=\"twitter:label1\" content=\"Tahmini okuma s\u00fcresi\" \/>\n\t<meta name=\"twitter:data1\" content=\"8 dakika\" \/>\n<script type=\"application\/ld+json\" class=\"yoast-schema-graph\">{\"@context\":\"https:\/\/schema.org\",\"@graph\":[{\"@type\":\"WebPage\",\"@id\":\"https:\/\/sinanagakurder.org\/index.php\/calekli-hacidursun-efendi\/\",\"url\":\"https:\/\/sinanagakurder.org\/index.php\/calekli-hacidursun-efendi\/\",\"name\":\"\u00c7ALEKL\u0130 HACIDURSUN EFEND\u0130 - Sinan A\u011fa Kursu\",\"isPartOf\":{\"@id\":\"https:\/\/sinanagakurder.org\/#website\"},\"datePublished\":\"2023-11-21T08:21:23+00:00\",\"dateModified\":\"2023-11-21T08:21:23+00:00\",\"breadcrumb\":{\"@id\":\"https:\/\/sinanagakurder.org\/index.php\/calekli-hacidursun-efendi\/#breadcrumb\"},\"inLanguage\":\"tr\",\"potentialAction\":[{\"@type\":\"ReadAction\",\"target\":[\"https:\/\/sinanagakurder.org\/index.php\/calekli-hacidursun-efendi\/\"]}]},{\"@type\":\"BreadcrumbList\",\"@id\":\"https:\/\/sinanagakurder.org\/index.php\/calekli-hacidursun-efendi\/#breadcrumb\",\"itemListElement\":[{\"@type\":\"ListItem\",\"position\":1,\"name\":\"Anasayfa\",\"item\":\"https:\/\/sinanagakurder.org\/\"},{\"@type\":\"ListItem\",\"position\":2,\"name\":\"\u00c7ALEKL\u0130 HACIDURSUN EFEND\u0130\"}]},{\"@type\":\"WebSite\",\"@id\":\"https:\/\/sinanagakurder.org\/#website\",\"url\":\"https:\/\/sinanagakurder.org\/\",\"name\":\"Sinana\u011fa Kur'an Kursu\",\"description\":\"\",\"potentialAction\":[{\"@type\":\"SearchAction\",\"target\":{\"@type\":\"EntryPoint\",\"urlTemplate\":\"https:\/\/sinanagakurder.org\/?s={search_term_string}\"},\"query-input\":\"required name=search_term_string\"}],\"inLanguage\":\"tr\"}]}<\/script>\n<!-- \/ Yoast SEO plugin. -->","yoast_head_json":{"title":"\u00c7ALEKL\u0130 HACIDURSUN EFEND\u0130 - Sinan A\u011fa Kursu","robots":{"index":"index","follow":"follow","max-snippet":"max-snippet:-1","max-image-preview":"max-image-preview:large","max-video-preview":"max-video-preview:-1"},"canonical":"https:\/\/sinanagakurder.org\/index.php\/calekli-hacidursun-efendi\/","og_locale":"tr_TR","og_type":"article","og_title":"\u00c7ALEKL\u0130 HACIDURSUN EFEND\u0130 - Sinan A\u011fa Kursu","og_description":"RABZON \u2013 OF \u2013 \u00c7ALEK K\u00d6Y\u00dc Son devir Osmanl\u0131 alimi. Van\u2019dan g\u00f6\u00e7 edip Trabzon\u2019un Of il\u00e7esine ba\u011fl\u0131 B\u00fcy\u00fckk\u00f6y\u2019e yerle\u015fen ve","og_url":"https:\/\/sinanagakurder.org\/index.php\/calekli-hacidursun-efendi\/","og_site_name":"Sinan A\u011fa Kursu","article_publisher":"https:\/\/www.facebook.com\/Sinanagakurankursu\/","og_image":[{"url":"https:\/\/sinanagakurder.org\/wp-content\/uploads\/2023\/11\/Calekli-Haci-Dursun-Efendi5-696x1237-1-169x300.jpg"}],"twitter_card":"summary_large_image","twitter_misc":{"Tahmini okuma s\u00fcresi":"8 dakika"},"schema":{"@context":"https:\/\/schema.org","@graph":[{"@type":"WebPage","@id":"https:\/\/sinanagakurder.org\/index.php\/calekli-hacidursun-efendi\/","url":"https:\/\/sinanagakurder.org\/index.php\/calekli-hacidursun-efendi\/","name":"\u00c7ALEKL\u0130 HACIDURSUN EFEND\u0130 - Sinan A\u011fa Kursu","isPartOf":{"@id":"https:\/\/sinanagakurder.org\/#website"},"datePublished":"2023-11-21T08:21:23+00:00","dateModified":"2023-11-21T08:21:23+00:00","breadcrumb":{"@id":"https:\/\/sinanagakurder.org\/index.php\/calekli-hacidursun-efendi\/#breadcrumb"},"inLanguage":"tr","potentialAction":[{"@type":"ReadAction","target":["https:\/\/sinanagakurder.org\/index.php\/calekli-hacidursun-efendi\/"]}]},{"@type":"BreadcrumbList","@id":"https:\/\/sinanagakurder.org\/index.php\/calekli-hacidursun-efendi\/#breadcrumb","itemListElement":[{"@type":"ListItem","position":1,"name":"Anasayfa","item":"https:\/\/sinanagakurder.org\/"},{"@type":"ListItem","position":2,"name":"\u00c7ALEKL\u0130 HACIDURSUN EFEND\u0130"}]},{"@type":"WebSite","@id":"https:\/\/sinanagakurder.org\/#website","url":"https:\/\/sinanagakurder.org\/","name":"Sinana\u011fa Kur'an Kursu","description":"","potentialAction":[{"@type":"SearchAction","target":{"@type":"EntryPoint","urlTemplate":"https:\/\/sinanagakurder.org\/?s={search_term_string}"},"query-input":"required name=search_term_string"}],"inLanguage":"tr"}]}},"_links":{"self":[{"href":"https:\/\/sinanagakurder.org\/index.php\/wp-json\/wp\/v2\/pages\/1175","targetHints":{"allow":["GET"]}}],"collection":[{"href":"https:\/\/sinanagakurder.org\/index.php\/wp-json\/wp\/v2\/pages"}],"about":[{"href":"https:\/\/sinanagakurder.org\/index.php\/wp-json\/wp\/v2\/types\/page"}],"author":[{"embeddable":true,"href":"https:\/\/sinanagakurder.org\/index.php\/wp-json\/wp\/v2\/users\/1"}],"replies":[{"embeddable":true,"href":"https:\/\/sinanagakurder.org\/index.php\/wp-json\/wp\/v2\/comments?post=1175"}],"version-history":[{"count":1,"href":"https:\/\/sinanagakurder.org\/index.php\/wp-json\/wp\/v2\/pages\/1175\/revisions"}],"predecessor-version":[{"id":1177,"href":"https:\/\/sinanagakurder.org\/index.php\/wp-json\/wp\/v2\/pages\/1175\/revisions\/1177"}],"wp:attachment":[{"href":"https:\/\/sinanagakurder.org\/index.php\/wp-json\/wp\/v2\/media?parent=1175"}],"curies":[{"name":"wp","href":"https:\/\/api.w.org\/{rel}","templated":true}]}}